{"id":204,"date":"2016-08-08T15:34:02","date_gmt":"2016-08-08T15:34:02","guid":{"rendered":"http:\/\/www.confortlafrance.ca\/about\/?lang=fr"},"modified":"2017-07-04T15:49:13","modified_gmt":"2017-07-04T15:49:13","slug":"a-propos","status":"publish","type":"page","link":"https:\/\/confortlafrance.ca\/fr\/a-propos\/","title":{"rendered":"\u00c0 Propos"},"content":{"rendered":"","protected":false},"excerpt":{"rendered":"","protected":false},"author":1,"featured_media":0,"parent":0,"menu_order":0,"comment_status":"closed","ping_status":"closed","template":"about.php","meta":{"_acf_changed":false,"footnotes":""},"class_list":["post-204","page","type-page","status-publish","hentry"],"acf":[],"yoast_head":"<!-- This site is optimized with the Yoast SEO plugin v27.3 - https:\/\/yoast.com\/product\/yoast-seo-wordpress\/ -->\n<title>\u00c0 Propos - Confort La France<\/title>\n<meta name=\"description\" content=\"Une entreprise familiale depuis plus de 30 ans | Licence RBQ Complete | Experience d&#039;installation avec nombreux syst\u00e8mes \u00e0 des prix comp\u00e9titifs.\" \/>\n<meta name=\"robots\" content=\"index, follow, max-snippet:-1, max-image-preview:large, max-video-preview:-1\" \/>\n<link rel=\"canonical\" href=\"https:\/\/confortlafrance.ca\/fr\/a-propos\/\" \/>\n<meta property=\"og:locale\" content=\"fr_FR\" \/>\n<meta property=\"og:type\" content=\"article\" \/>\n<meta property=\"og:title\" content=\"\u00c0 Propos - Confort La France\" \/>\n<meta property=\"og:description\" content=\"Une entreprise familiale depuis plus de 30 ans | Licence RBQ Complete | Experience d&#039;installation avec nombreux syst\u00e8mes \u00e0 des prix comp\u00e9titifs.\" \/>\n<meta property=\"og:url\" content=\"https:\/\/confortlafrance.ca\/fr\/a-propos\/\" \/>\n<meta property=\"og:site_name\" content=\"Confort La France\" \/>\n<meta property=\"article:modified_time\" content=\"2017-07-04T15:49:13+00:00\" \/>\n<meta name=\"twitter:card\" content=\"summary_large_image\" \/>\n<script type=\"application\/ld+json\" class=\"yoast-schema-graph\">{\"@context\":\"https:\\\/\\\/schema.org\",\"@graph\":[{\"@type\":\"WebPage\",\"@id\":\"https:\\\/\\\/confortlafrance.ca\\\/fr\\\/a-propos\\\/\",\"url\":\"https:\\\/\\\/confortlafrance.ca\\\/fr\\\/a-propos\\\/\",\"name\":\"\u00c0 Propos - Confort La France\",\"isPartOf\":{\"@id\":\"https:\\\/\\\/confortlafrance.ca\\\/fr\\\/#website\"},\"datePublished\":\"2016-08-08T15:34:02+00:00\",\"dateModified\":\"2017-07-04T15:49:13+00:00\",\"description\":\"Une entreprise familiale depuis plus de 30 ans | Licence RBQ Complete | Experience d'installation avec nombreux syst\u00e8mes \u00e0 des prix comp\u00e9titifs.\",\"breadcrumb\":{\"@id\":\"https:\\\/\\\/confortlafrance.ca\\\/fr\\\/a-propos\\\/#breadcrumb\"},\"inLanguage\":\"fr-FR\",\"potentialAction\":[{\"@type\":\"ReadAction\",\"target\":[\"https:\\\/\\\/confortlafrance.ca\\\/fr\\\/a-propos\\\/\"]}]},{\"@type\":\"BreadcrumbList\",\"@id\":\"https:\\\/\\\/confortlafrance.ca\\\/fr\\\/a-propos\\\/#breadcrumb\",\"itemListElement\":[{\"@type\":\"ListItem\",\"position\":1,\"name\":\"Home\",\"item\":\"https:\\\/\\\/confortlafrance.ca\\\/fr\\\/\"},{\"@type\":\"ListItem\",\"position\":2,\"name\":\"\u00c0 Propos\"}]},{\"@type\":\"WebSite\",\"@id\":\"https:\\\/\\\/confortlafrance.ca\\\/fr\\\/#website\",\"url\":\"https:\\\/\\\/confortlafrance.ca\\\/fr\\\/\",\"name\":\"Confort La France\",\"description\":\"Just another WordPress site\",\"potentialAction\":[{\"@type\":\"SearchAction\",\"target\":{\"@type\":\"EntryPoint\",\"urlTemplate\":\"https:\\\/\\\/confortlafrance.ca\\\/fr\\\/?s={search_term_string}\"},\"query-input\":{\"@type\":\"PropertyValueSpecification\",\"valueRequired\":true,\"valueName\":\"search_term_string\"}}],\"inLanguage\":\"fr-FR\"}]}<\/script>\n<!-- \/ Yoast SEO plugin. -->","yoast_head_json":{"title":"\u00c0 Propos - Confort La France","description":"Une entreprise familiale depuis plus de 30 ans | Licence RBQ Complete | Experience d'installation avec nombreux syst\u00e8mes \u00e0 des prix comp\u00e9titifs.","robots":{"index":"index","follow":"follow","max-snippet":"max-snippet:-1","max-image-preview":"max-image-preview:large","max-video-preview":"max-video-preview:-1"},"canonical":"https:\/\/confortlafrance.ca\/fr\/a-propos\/","og_locale":"fr_FR","og_type":"article","og_title":"\u00c0 Propos - Confort La France","og_description":"Une entreprise familiale depuis plus de 30 ans | Licence RBQ Complete | Experience d'installation avec nombreux syst\u00e8mes \u00e0 des prix comp\u00e9titifs.","og_url":"https:\/\/confortlafrance.ca\/fr\/a-propos\/","og_site_name":"Confort La France","article_modified_time":"2017-07-04T15:49:13+00:00","twitter_card":"summary_large_image","schema":{"@context":"https:\/\/schema.org","@graph":[{"@type":"WebPage","@id":"https:\/\/confortlafrance.ca\/fr\/a-propos\/","url":"https:\/\/confortlafrance.ca\/fr\/a-propos\/","name":"\u00c0 Propos - Confort La France","isPartOf":{"@id":"https:\/\/confortlafrance.ca\/fr\/#website"},"datePublished":"2016-08-08T15:34:02+00:00","dateModified":"2017-07-04T15:49:13+00:00","description":"Une entreprise familiale depuis plus de 30 ans | Licence RBQ Complete | Experience d'installation avec nombreux syst\u00e8mes \u00e0 des prix comp\u00e9titifs.","breadcrumb":{"@id":"https:\/\/confortlafrance.ca\/fr\/a-propos\/#breadcrumb"},"inLanguage":"fr-FR","potentialAction":[{"@type":"ReadAction","target":["https:\/\/confortlafrance.ca\/fr\/a-propos\/"]}]},{"@type":"BreadcrumbList","@id":"https:\/\/confortlafrance.ca\/fr\/a-propos\/#breadcrumb","itemListElement":[{"@type":"ListItem","position":1,"name":"Home","item":"https:\/\/confortlafrance.ca\/fr\/"},{"@type":"ListItem","position":2,"name":"\u00c0 Propos"}]},{"@type":"WebSite","@id":"https:\/\/confortlafrance.ca\/fr\/#website","url":"https:\/\/confortlafrance.ca\/fr\/","name":"Confort La France","description":"Just another WordPress site","potentialAction":[{"@type":"SearchAction","target":{"@type":"EntryPoint","urlTemplate":"https:\/\/confortlafrance.ca\/fr\/?s={search_term_string}"},"query-input":{"@type":"PropertyValueSpecification","valueRequired":true,"valueName":"search_term_string"}}],"inLanguage":"fr-FR"}]}},"_links":{"self":[{"href":"https:\/\/confortlafrance.ca\/fr\/wp-json\/wp\/v2\/pages\/204","targetHints":{"allow":["GET"]}}],"collection":[{"href":"https:\/\/confortlafrance.ca\/fr\/wp-json\/wp\/v2\/pages"}],"about":[{"href":"https:\/\/confortlafrance.ca\/fr\/wp-json\/wp\/v2\/types\/page"}],"author":[{"embeddable":true,"href":"https:\/\/confortlafrance.ca\/fr\/wp-json\/wp\/v2\/users\/1"}],"replies":[{"embeddable":true,"href":"https:\/\/confortlafrance.ca\/fr\/wp-json\/wp\/v2\/comments?post=204"}],"version-history":[{"count":5,"href":"https:\/\/confortlafrance.ca\/fr\/wp-json\/wp\/v2\/pages\/204\/revisions"}],"predecessor-version":[{"id":346,"href":"https:\/\/confortlafrance.ca\/fr\/wp-json\/wp\/v2\/pages\/204\/revisions\/346"}],"wp:attachment":[{"href":"https:\/\/confortlafrance.ca\/fr\/wp-json\/wp\/v2\/media?parent=204"}],"curies":[{"name":"wp","href":"https:\/\/api.w.org\/{rel}","templated":true}]}}